{"id":4867,"date":"2017-03-23T06:51:33","date_gmt":"2017-03-23T06:51:33","guid":{"rendered":"http:\/\/amrsystem.cz\/filozofie-firmy"},"modified":"2020-04-30T11:16:46","modified_gmt":"2020-04-30T09:16:46","slug":"filozofie-firmy","status":"publish","type":"page","link":"https:\/\/amrsystem.cz\/?page_id=4867","title":{"rendered":"Filozofie firmy"},"content":{"rendered":"\n<p>V\u00e1\u0161 \u00fasp\u011bch je na\u0161\u00edm c\u00edlem. Kvalita a flexibilita je z\u00e1kladn\u00edm krit\u00e9riem va\u0161\u00ed spokojenosti. Spolu vytv\u00e1\u0159\u00edme technologie, na jejich\u017e vzniku se pod\u00edl\u00ed mnoho profes\u00ed a jejich\u017e v\u00fdsledkem jsou funk\u010dn\u00ed provozuschopn\u00e1 d\u00edla. Tyto procesy ovl\u00e1d\u00e1me a zn\u00e1me pot\u0159eby sv\u00fdch z\u00e1kazn\u00edk\u016f. Vyjdeme vst\u0159\u00edc Va\u0161im p\u0159edstav\u00e1m a po\u017eadavk\u016fm. <\/p>\n\n\n\n<p>Nejde n\u00e1m o kr\u00e1tkodob\u00fd zisk, ale na\u0161im posl\u00e1n\u00edm je vytv\u00e1\u0159et trval\u00e9 hodnoty a dlouhodobou spolupr\u00e1ci. Navrhneme V\u00e1m \u0159e\u0161en\u00ed, \u0161it\u00e9 na m\u00edru pr\u00e1v\u011b pro V\u00e1s. V\u011b\u0159\u00edme, \u017ee d\u00edky na\u0161\u00ed spolehlivosti a profesionalit\u011b, se na n\u00e1s s d\u016fv\u011brou obr\u00e1t\u00edte. Dod\u00e1v\u00e1me na kl\u00ed\u010d tzn., \u017ee p\u0159edlo\u017e\u00edme n\u00e1vrh, zhotov\u00edme projekt, realizujeme d\u00edlo, otestujeme a p\u0159ed\u00e1me. Za\u0161kolen\u00ed obsluhy a z\u00e1ru\u010dn\u00ed i poz\u00e1ru\u010dn\u00ed servis v\u010detn\u011b \u00fadr\u017eby jsou samoz\u0159ejmost\u00ed. <\/p>\n\n\n\n<p>Jsme si jisti, \u017ee na\u0161\u00edm individu\u00e1ln\u00edm a otev\u0159en\u00fdm p\u0159\u00edstupem k projekt\u016fm uspokoj\u00edme i ty nejn\u00e1ro\u010dn\u011bj\u0161\u00ed klienty&#8230;<\/p>\n","protected":false},"excerpt":{"rendered":"<p>V\u00e1\u0161 \u00fasp\u011bch je na\u0161\u00edm c\u00edlem. Kvalita a flexibilita je z\u00e1kladn\u00edm krit\u00e9riem va\u0161\u00ed spokojenosti. Spolu vytv\u00e1\u0159\u00edme technologie, na jejich\u017e vzniku se pod\u00edl\u00ed mnoho profes\u00ed a jejich\u017e v\u00fdsledkem jsou funk\u010dn\u00ed provozuschopn\u00e1 d\u00edla. Tyto procesy ovl\u00e1d\u00e1me a zn\u00e1me pot\u0159eby sv\u00fdch z\u00e1kazn\u00edk\u016f. Vyjdeme vst\u0159\u00edc Va\u0161im p\u0159edstav\u00e1m a po\u017eadavk\u016fm. Nejde n\u00e1m o kr\u00e1tkodob\u00fd zisk, ale na\u0161im posl\u00e1n\u00edm je vytv\u00e1\u0159et trval\u00e9 [&hellip;]<\/p>\n","protected":false},"author":1,"featured_media":5304,"parent":4865,"menu_order":0,"comment_status":"closed","ping_status":"closed","template":"","meta":{"footnotes":""},"class_list":["post-4867","page","type-page","status-publish","has-post-thumbnail","hentry"],"_links":{"self":[{"href":"https:\/\/amrsystem.cz\/index.php?rest_route=\/wp\/v2\/pages\/4867","targetHints":{"allow":["GET"]}}],"collection":[{"href":"https:\/\/amrsystem.cz\/index.php?rest_route=\/wp\/v2\/pages"}],"about":[{"href":"https:\/\/amrsystem.cz\/index.php?rest_route=\/wp\/v2\/types\/page"}],"author":[{"embeddable":true,"href":"https:\/\/amrsystem.cz\/index.php?rest_route=\/wp\/v2\/users\/1"}],"replies":[{"embeddable":true,"href":"https:\/\/amrsystem.cz\/index.php?rest_route=%2Fwp%2Fv2%2Fcomments&post=4867"}],"version-history":[{"count":2,"href":"https:\/\/amrsystem.cz\/index.php?rest_route=\/wp\/v2\/pages\/4867\/revisions"}],"predecessor-version":[{"id":5468,"href":"https:\/\/amrsystem.cz\/index.php?rest_route=\/wp\/v2\/pages\/4867\/revisions\/5468"}],"up":[{"embeddable":true,"href":"https:\/\/amrsystem.cz\/index.php?rest_route=\/wp\/v2\/pages\/4865"}],"wp:featuredmedia":[{"embeddable":true,"href":"https:\/\/amrsystem.cz\/index.php?rest_route=\/wp\/v2\/media\/5304"}],"wp:attachment":[{"href":"https:\/\/amrsystem.cz\/index.php?rest_route=%2Fwp%2Fv2%2Fmedia&parent=4867"}],"curies":[{"name":"wp","href":"https:\/\/api.w.org\/{rel}","templated":true}]}}