{"id":4732,"date":"2016-12-26T06:03:17","date_gmt":"2016-12-26T06:03:17","guid":{"rendered":"http:\/\/amrsystem.cz\/software"},"modified":"2020-03-31T13:37:19","modified_gmt":"2020-03-31T11:37:19","slug":"software","status":"publish","type":"page","link":"https:\/\/amrsystem.cz\/?page_id=4732","title":{"rendered":"Software"},"content":{"rendered":"<p>Poskytujeme ve\u0161ker\u00e9 softwarov\u00e9 slu\u017eby souvisej\u00edc\u00ed s automatizac\u00ed. Programujeme PLC, d\u011bl\u00e1me vizualizace, um\u00edme vytv\u00e1\u0159et pl\u00e1n, sledovat v\u00fdrobu pro \u00fa\u010dely jej\u00edho zefektivn\u011bn\u00ed a sna\u017e\u00edme se dr\u017eet trendu digitalizace.<\/p>\n","protected":false},"excerpt":{"rendered":"<p>Poskytujeme ve\u0161ker\u00e9 softwarov\u00e9 slu\u017eby souvisej\u00edc\u00ed s automatizac\u00ed. Programujeme PLC, d\u011bl\u00e1me vizualizace, um\u00edme vytv\u00e1\u0159et pl\u00e1n, sledovat v\u00fdrobu pro \u00fa\u010dely jej\u00edho zefektivn\u011bn\u00ed a sna\u017e\u00edme se dr\u017eet trendu digitalizace.<\/p>\n","protected":false},"author":1,"featured_media":0,"parent":4724,"menu_order":0,"comment_status":"closed","ping_status":"closed","template":"","meta":{"footnotes":""},"class_list":["post-4732","page","type-page","status-publish","hentry"],"_links":{"self":[{"href":"https:\/\/amrsystem.cz\/index.php?rest_route=\/wp\/v2\/pages\/4732","targetHints":{"allow":["GET"]}}],"collection":[{"href":"https:\/\/amrsystem.cz\/index.php?rest_route=\/wp\/v2\/pages"}],"about":[{"href":"https:\/\/amrsystem.cz\/index.php?rest_route=\/wp\/v2\/types\/page"}],"author":[{"embeddable":true,"href":"https:\/\/amrsystem.cz\/index.php?rest_route=\/wp\/v2\/users\/1"}],"replies":[{"embeddable":true,"href":"https:\/\/amrsystem.cz\/index.php?rest_route=%2Fwp%2Fv2%2Fcomments&post=4732"}],"version-history":[{"count":2,"href":"https:\/\/amrsystem.cz\/index.php?rest_route=\/wp\/v2\/pages\/4732\/revisions"}],"predecessor-version":[{"id":5335,"href":"https:\/\/amrsystem.cz\/index.php?rest_route=\/wp\/v2\/pages\/4732\/revisions\/5335"}],"up":[{"embeddable":true,"href":"https:\/\/amrsystem.cz\/index.php?rest_route=\/wp\/v2\/pages\/4724"}],"wp:attachment":[{"href":"https:\/\/amrsystem.cz\/index.php?rest_route=%2Fwp%2Fv2%2Fmedia&parent=4732"}],"curies":[{"name":"wp","href":"https:\/\/api.w.org\/{rel}","templated":true}]}}