{"id":4730,"date":"2016-12-26T06:02:55","date_gmt":"2016-12-26T06:02:55","guid":{"rendered":"http:\/\/amrsystem.cz\/servis-a-serizeni"},"modified":"2020-03-31T13:34:22","modified_gmt":"2020-03-31T11:34:22","slug":"servis-a-serizeni","status":"publish","type":"page","link":"https:\/\/amrsystem.cz\/?page_id=4730","title":{"rendered":"Servis a se\u0159\u00edzen\u00ed"},"content":{"rendered":"<p>Udr\u017eujeme Va\u0161e ve\u0161ker\u00e9 za\u0159\u00edzen\u00ed MaR, rozvodny, vel\u00edny, PC. Prov\u00e1d\u00edme se\u0159\u00edzen\u00ed pohon\u016f.<\/p>\n","protected":false},"excerpt":{"rendered":"<p>Udr\u017eujeme Va\u0161e ve\u0161ker\u00e9 za\u0159\u00edzen\u00ed MaR, rozvodny, vel\u00edny, PC. Prov\u00e1d\u00edme se\u0159\u00edzen\u00ed pohon\u016f.<\/p>\n","protected":false},"author":1,"featured_media":0,"parent":4724,"menu_order":0,"comment_status":"closed","ping_status":"closed","template":"","meta":{"footnotes":""},"class_list":["post-4730","page","type-page","status-publish","hentry"],"_links":{"self":[{"href":"https:\/\/amrsystem.cz\/index.php?rest_route=\/wp\/v2\/pages\/4730","targetHints":{"allow":["GET"]}}],"collection":[{"href":"https:\/\/amrsystem.cz\/index.php?rest_route=\/wp\/v2\/pages"}],"about":[{"href":"https:\/\/amrsystem.cz\/index.php?rest_route=\/wp\/v2\/types\/page"}],"author":[{"embeddable":true,"href":"https:\/\/amrsystem.cz\/index.php?rest_route=\/wp\/v2\/users\/1"}],"replies":[{"embeddable":true,"href":"https:\/\/amrsystem.cz\/index.php?rest_route=%2Fwp%2Fv2%2Fcomments&post=4730"}],"version-history":[{"count":2,"href":"https:\/\/amrsystem.cz\/index.php?rest_route=\/wp\/v2\/pages\/4730\/revisions"}],"predecessor-version":[{"id":5332,"href":"https:\/\/amrsystem.cz\/index.php?rest_route=\/wp\/v2\/pages\/4730\/revisions\/5332"}],"up":[{"embeddable":true,"href":"https:\/\/amrsystem.cz\/index.php?rest_route=\/wp\/v2\/pages\/4724"}],"wp:attachment":[{"href":"https:\/\/amrsystem.cz\/index.php?rest_route=%2Fwp%2Fv2%2Fmedia&parent=4730"}],"curies":[{"name":"wp","href":"https:\/\/api.w.org\/{rel}","templated":true}]}}